{"id":5558,"date":"2017-09-06T23:36:57","date_gmt":"2017-09-06T21:36:57","guid":{"rendered":"https:\/\/audytorium.xyz\/contact\/"},"modified":"2025-03-19T22:39:39","modified_gmt":"2025-03-19T21:39:39","slug":"contact","status":"publish","type":"page","link":"https:\/\/audytorium.xyz\/en\/contact\/","title":{"rendered":"Contact"},"content":{"rendered":"\t<section class=\"section dark\" id=\"section_1771776141\">\n\t\t<div class=\"bg section-bg fill bg-fill  \" >\n\n\t\t\t\t<div class=\"video-overlay no-click fill hide-for-medium\"><\/div>\n\t<video class=\"video-bg fill hide-for-medium\" preload playsinline autoplay\n\t\tmuted\t\tloop>\n\t\t<source src=\"https:\/\/audytorium.xyz\/wp-content\/uploads\/2025\/03\/Background_vf4.mp4\" type=\"video\/mp4\">\t<\/video>\n\n\t\t\t<div class=\"section-bg-overlay absolute fill\"><\/div>\n\t\t\t\n\n\t\t<\/div>\n\n\t\t\n\n\t\t<div class=\"section-content relative\">\n\t\t\t\n<div class=\"row align-center\"  id=\"row-1123373832\">\n\n\t<div id=\"col-970748680\" class=\"col medium-7 small-12 large-7\"  >\n\t\t\t\t<div class=\"col-inner text-center\"  >\n\t\t\t\n\t\t\t\n\t<div class=\"img has-hover x md-x lg-x y md-y lg-y\" id=\"image_1941649520\">\n\t\t\t\t\t\t\t\t<div class=\"img-inner dark\" >\n\t\t\t<img decoding=\"async\" width=\"1020\" height=\"311\" src=\"https:\/\/audytorium.xyz\/wp-content\/uploads\/2019\/09\/audytorium-logo-1024x312.png\" class=\"attachment-large size-large\" alt=\"Logo Audytorium\" srcset=\"https:\/\/audytorium.xyz\/wp-content\/uploads\/2019\/09\/audytorium-logo-1024x312.png 1024w, https:\/\/audytorium.xyz\/wp-content\/uploads\/2019\/09\/audytorium-logo-300x91.png 300w, https:\/\/audytorium.xyz\/wp-content\/uploads\/2019\/09\/audytorium-logo-768x234.png 768w, https:\/\/audytorium.xyz\/wp-content\/uploads\/2019\/09\/audytorium-logo-770x234.png 770w, https:\/\/audytorium.xyz\/wp-content\/uploads\/2019\/09\/audytorium-logo.png 1754w\" sizes=\"(max-width: 1020px) 100vw, 1020px\" \/>\t\t\t\t\t\t\n\t\t\t\t\t<\/div>\n\t\t\t\t\t\t\t\t\n<style>\n#image_1941649520 {\n  width: 100%;\n}\n<\/style>\n\t<\/div>\n\t\n<h3><span class=\"ez-toc-section\" id=\"Contact_us\"><\/span>Contact us!<span class=\"ez-toc-section-end\"><\/span><\/h3>\n<p>biuro@audytorium.xyz<br \/>+48 502 636 193<\/p>\n<span class=\"scroll-to\" data-label=\"Scroll to: #quotation\" data-bullet=\"false\" data-link=\"#quotation\" data-title=\"Quotation\"><a name=\"quotation\"><\/a><\/span>\n<div class=\"row align-center\"  id=\"row-423556186\">\n\n\t<div id=\"col-1286240999\" class=\"col medium-11 small-12 large-9\"  >\n\t\t\t\t<div class=\"col-inner text-left\"  >\n\t\t\t\n\t\t\t\n<p>\n\n<div class=\"wpcf7 no-js\" id=\"wpcf7-f5569-o1\" lang=\"en-US\" dir=\"ltr\" data-wpcf7-id=\"5569\">\n<div class=\"screen-reader-response\"><p role=\"status\" aria-live=\"polite\" aria-atomic=\"true\"><\/p> <ul><\/ul><\/div>\n<form action=\"\/en\/wp-json\/wp\/v2\/pages\/5558#wpcf7-f5569-o1\" method=\"post\" class=\"wpcf7-form init\" aria-label=\"Contact form\" novalidate=\"novalidate\" data-status=\"init\">\n<fieldset class=\"hidden-fields-container\"><input type=\"hidden\" name=\"_wpcf7\" value=\"5569\" \/><input type=\"hidden\" name=\"_wpcf7_version\" value=\"6.1.6\" \/><input type=\"hidden\" name=\"_wpcf7_locale\" value=\"en_US\" \/><input type=\"hidden\" name=\"_wpcf7_unit_tag\" value=\"wpcf7-f5569-o1\" \/><input type=\"hidden\" name=\"_wpcf7_container_post\" value=\"0\" \/><input type=\"hidden\" name=\"_wpcf7_posted_data_hash\" value=\"\" \/>\n<\/fieldset>\n<p><label> Name<br \/>\n<span class=\"wpcf7-form-control-wrap\" data-name=\"your-name\"><input size=\"40\" maxlength=\"400\" class=\"wpcf7-form-control wpcf7-text wpcf7-validates-as-required\" aria-required=\"true\" aria-invalid=\"false\" value=\"\" type=\"text\" name=\"your-name\" \/><\/span> <\/label>\n<\/p>\n<p><label> E-mail<br \/>\n<span class=\"wpcf7-form-control-wrap\" data-name=\"your-email\"><input size=\"40\" maxlength=\"400\" class=\"wpcf7-form-control wpcf7-email wpcf7-validates-as-required wpcf7-text wpcf7-validates-as-email\" aria-required=\"true\" aria-invalid=\"false\" value=\"\" type=\"email\" name=\"your-email\" \/><\/span> <\/label>\n<\/p>\n<p><label> Message<br \/>\n<span class=\"wpcf7-form-control-wrap\" data-name=\"your-message\"><textarea cols=\"40\" rows=\"10\" maxlength=\"2000\" class=\"wpcf7-form-control wpcf7-textarea\" aria-invalid=\"false\" name=\"your-message\"><\/textarea><\/span> <\/label>\n<\/p>\n<p><span class=\"wpcf7-form-control-wrap\" data-name=\"acceptance-197\"><span class=\"wpcf7-form-control wpcf7-acceptance\"><span class=\"wpcf7-list-item\"><label><input type=\"checkbox\" name=\"acceptance-197\" value=\"1\" aria-invalid=\"false\" \/><span class=\"wpcf7-list-item-label\">I consent to the processing of my personal data by Audytorium Piotr Samoj\u0142o with its registered seat in Bia\u0142ystok, 1E Rz\u0119dziana Street, 15-698 Bia\u0142ystok (hereinafter referred to as Audytorium) contained in this contact form for the purpose of processing the submitted application. I have been informed that I can withdraw my consent at any time by sending an email to biuro@audytorium.xyz.<\/span><\/label><\/span><\/span><\/span>\n<\/p>\n<p><input class=\"wpcf7-form-control wpcf7-submit has-spinner\" type=\"submit\" value=\"Prze\u015blij\" \/>\n<\/p><div class=\"wpcf7-response-output\" aria-hidden=\"true\"><\/div>\n<\/form>\n<\/div>\n\n\t\t<\/div>\n\t\t\t\t\t<\/div>\n\n\t\n<\/div>\n\t\t<\/div>\n\t\t\t\t\n<style>\n#col-970748680 > .col-inner {\n  padding: 20px 0px 0px 0px;\n}\n<\/style>\n\t<\/div>\n\n\t\n<\/div>\n<div class=\"row align-equal\"  id=\"row-1680793513\">\n\n\t<div id=\"col-1219815040\" class=\"col medium-6 small-12 large-6\"  >\n\t\t\t\t<div class=\"col-inner text-center dark\" style=\"background-color:rgb(25, 25, 25);\" >\n\t\t\t\n\t\t\t\n\n\t\t<div class=\"icon-box featured-box icon-box-center text-center\"  >\n\t\t\t\t<div class=\"icon-box-text last-reset\">\n\t\t\t\t\t\t\t\t\t\n<h4><span class=\"ez-toc-section\" id=\"LinkedIn\"><\/span>LinkedIn<span class=\"ez-toc-section-end\"><\/span><\/h4>\n<p>LinkedIn.com <a href=\"https:\/\/www.linkedin.com\/in\/piotr-samojlo\/\" target=\"_blank\" rel=\"noopener\"><span class=\"fancy-underline\">\/\/in\/piotr-samojlo\/<\/span><\/a><\/p>\n\t<div id=\"gap-2084057776\" class=\"gap-element clearfix\" style=\"display:block; height:auto;\">\n\t\t\n<style>\n#gap-2084057776 {\n  padding-top: 20px;\n}\n<\/style>\n\t<\/div>\n\t\n<a rel=\"noopener noreferrer\" href=\"https:\/\/www.linkedin.com\/in\/piotr-samojlo\/\" target=\"_blank\" class=\"button primary is-outline\">\n    <span>Visit<\/span>\n  <\/a>\n\n\t\t<\/div>\n\t<\/div>\n\t\n\t\n\t<div id=\"gap-2145791730\" class=\"gap-element clearfix\" style=\"display:block; height:auto;\">\n\t\t\n<style>\n#gap-2145791730 {\n  padding-top: 18px;\n}\n<\/style>\n\t<\/div>\n\t\n\t\t<\/div>\n\t\t\t\t\t<\/div>\n\n\t\n\n\t<div id=\"col-1715799295\" class=\"col medium-6 small-12 large-6\"  >\n\t\t\t\t<div class=\"col-inner text-center\"  >\n\t\t\t\n\t\t\t\n\n\t\t<div class=\"icon-box featured-box icon-box-center text-center\"  >\n\t\t\t\t<div class=\"icon-box-text last-reset\">\n\t\t\t\t\t\t\t\t\t\n\t<div id=\"text-3159256025\" class=\"text\">\n\t\t\n<h4><span class=\"ez-toc-section\" id=\"Company_data\"><\/span>Company data<span class=\"ez-toc-section-end\"><\/span><\/h4>\n<p>Auditorium Piotr Samoj\u0142o<br \/>VAT: PL5422924812 \/\/ REGON: 200415137<\/p>\n\t\t\n<style>\n#text-3159256025 {\n  text-align: left;\n  color: rgb(0,0,0);\n}\n#text-3159256025 > * {\n  color: rgb(0,0,0);\n}\n<\/style>\n\t<\/div>\n\t\n\t<div id=\"gap-1527445728\" class=\"gap-element clearfix\" style=\"display:block; height:auto;\">\n\t\t\n<style>\n#gap-1527445728 {\n  padding-top: 20px;\n}\n<\/style>\n\t<\/div>\n\t\n\t\t<\/div>\n\t<\/div>\n\t\n\t\n\t\t<\/div>\n\t\t\t\t\t<\/div>\n\n\t\n\n<style>\n#row-1680793513 > .col > .col-inner {\n  padding: 40px 40px 40px 40px;\n  background-color: rgb(255,255,255);\n}\n<\/style>\n<\/div>\n\t\t<\/div>\n\n\t\t\n<style>\n#section_1771776141 {\n  padding-top: 81px;\n  padding-bottom: 81px;\n}\n#section_1771776141 .section-bg-overlay {\n  background-color: rgba(0, 0, 0, 0.849);\n}\n#section_1771776141 .section-bg.bg-loaded {\n  background-image: url(https:\/\/audytorium.xyz\/wp-content\/uploads\/2025\/03\/wozytowla.png);\n}\n#section_1771776141 .section-bg {\n  background-position: 51% 44%;\n}\n#section_1771776141 .ux-shape-divider--top svg {\n  height: 150px;\n  --divider-top-width: 100%;\n}\n#section_1771776141 .ux-shape-divider--bottom svg {\n  height: 150px;\n  --divider-width: 100%;\n}\n<\/style>\n\t<\/section>\n\t\n","protected":false},"excerpt":{"rendered":"","protected":false},"author":1,"featured_media":0,"parent":0,"menu_order":0,"comment_status":"closed","ping_status":"closed","template":"page-blank.php","meta":{"_acf_changed":false,"footnotes":""},"class_list":["post-5558","page","type-page","status-publish","hentry"],"acf":[],"_links":{"self":[{"href":"https:\/\/audytorium.xyz\/en\/wp-json\/wp\/v2\/pages\/5558","targetHints":{"allow":["GET"]}}],"collection":[{"href":"https:\/\/audytorium.xyz\/en\/wp-json\/wp\/v2\/pages"}],"about":[{"href":"https:\/\/audytorium.xyz\/en\/wp-json\/wp\/v2\/types\/page"}],"author":[{"embeddable":true,"href":"https:\/\/audytorium.xyz\/en\/wp-json\/wp\/v2\/users\/1"}],"replies":[{"embeddable":true,"href":"https:\/\/audytorium.xyz\/en\/wp-json\/wp\/v2\/comments?post=5558"}],"version-history":[{"count":7,"href":"https:\/\/audytorium.xyz\/en\/wp-json\/wp\/v2\/pages\/5558\/revisions"}],"predecessor-version":[{"id":6917,"href":"https:\/\/audytorium.xyz\/en\/wp-json\/wp\/v2\/pages\/5558\/revisions\/6917"}],"wp:attachment":[{"href":"https:\/\/audytorium.xyz\/en\/wp-json\/wp\/v2\/media?parent=5558"}],"curies":[{"name":"wp","href":"https:\/\/api.w.org\/{rel}","templated":true}]}}